{"id":1203,"date":"2022-02-28T14:12:07","date_gmt":"2022-02-28T13:12:07","guid":{"rendered":"https:\/\/arcis.org.es\/?page_id=1203"},"modified":"2023-04-19T20:42:57","modified_gmt":"2023-04-19T18:42:57","slug":"junta-directiva","status":"publish","type":"page","link":"https:\/\/arcis.org.es\/index.php\/junta-directiva\/","title":{"rendered":"Junta Directiva"},"content":{"rendered":"<p style=\"text-align: justify;\">La Junta directiva de la Asociaci\u00f3n cultural ARCIS &#8211; Amigos del Castillo de Pe\u00f1as de San Pedro est\u00e1 compuesta por los siguientes integrantes en los respectivos cargos que se indican a continuaci\u00f3n:<\/p>\n<ul>\n<li style=\"text-align: justify;\"><strong>PRESIDENTE<\/strong>: Alejandro Jaquero Esparcia<\/li>\n<\/ul>\n<ul>\n<li style=\"text-align: justify;\"><strong>VICEPRESIDENTE<\/strong>: Jos\u00e9 Joaqu\u00edn Alfaro Mart\u00ednez<\/li>\n<\/ul>\n<ul>\n<li style=\"text-align: justify;\"><strong>SECRETARIO<\/strong>: Antonio Cort\u00e9s Garc\u00eda<\/li>\n<\/ul>\n<ul>\n<li style=\"text-align: justify;\"><strong>TESORERO<\/strong>: \u00c1ngel Andr\u00e9s Rold\u00e1n Garc\u00eda<\/li>\n<\/ul>\n<ul>\n<li><strong>VOCALES<\/strong>:\n<ul>\n<li style=\"list-style-type: none;\">\n<ul>\n<li style=\"text-align: justify;\">Luc\u00eda Soria Combadiera<\/li>\n<li style=\"text-align: justify;\">Diego Lucendo D\u00edaz<\/li>\n<li style=\"text-align: justify;\">Bienvenido Mero Malag\u00f3n<\/li>\n<\/ul>\n<\/li>\n<\/ul>\n<\/li>\n<\/ul>\n<p style=\"text-align: justify;\">Desde el a\u00f1o 2018 se nombr\u00f3 con la figura de <strong>SOCIO DE HONOR<\/strong> a don Rafael Garc\u00eda Jim\u00e9nez como reconocimiento a su gran labor divulgativa sobre la historia de Pe\u00f1as de San Pedro y su trabajo de magisterio en la localidad.<\/p>\n","protected":false},"excerpt":{"rendered":"<p>La Junta directiva de la Asociaci\u00f3n cultural ARCIS &#8211; Amigos del Castillo de Pe\u00f1as de San Pedro est\u00e1 compuesta por los siguientes integrantes en los respectivos cargos que se indican a continuaci\u00f3n: PRESIDENTE: Alejandro Jaquero Esparcia VICEPRESIDENTE: Jos\u00e9 Joaqu\u00edn Alfaro Mart\u00ednez SECRETARIO: Antonio Cort\u00e9s Garc\u00eda TESORERO: \u00c1ngel Andr\u00e9s Rold\u00e1n Garc\u00eda VOCALES: Luc\u00eda Soria Combadiera Diego Lucendo D\u00edaz Bienvenido Mero Malag\u00f3n Desde el a\u00f1o 2018 se nombr\u00f3 con la figura de SOCIO DE HONOR a don Rafael Garc\u00eda Jim\u00e9nez como reconocimiento a su gran labor divulgativa sobre la historia de Pe\u00f1as de San Pedro y su trabajo de magisterio en la [&hellip;]<\/p>\n","protected":false},"author":2,"featured_media":0,"parent":0,"menu_order":0,"comment_status":"closed","ping_status":"closed","template":"","meta":{"_eb_attr":"","footnotes":""},"_links":{"self":[{"href":"https:\/\/arcis.org.es\/index.php\/wp-json\/wp\/v2\/pages\/1203"}],"collection":[{"href":"https:\/\/arcis.org.es\/index.php\/wp-json\/wp\/v2\/pages"}],"about":[{"href":"https:\/\/arcis.org.es\/index.php\/wp-json\/wp\/v2\/types\/page"}],"author":[{"embeddable":true,"href":"https:\/\/arcis.org.es\/index.php\/wp-json\/wp\/v2\/users\/2"}],"replies":[{"embeddable":true,"href":"https:\/\/arcis.org.es\/index.php\/wp-json\/wp\/v2\/comments?post=1203"}],"version-history":[{"count":4,"href":"https:\/\/arcis.org.es\/index.php\/wp-json\/wp\/v2\/pages\/1203\/revisions"}],"predecessor-version":[{"id":1417,"href":"https:\/\/arcis.org.es\/index.php\/wp-json\/wp\/v2\/pages\/1203\/revisions\/1417"}],"wp:attachment":[{"href":"https:\/\/arcis.org.es\/index.php\/wp-json\/wp\/v2\/media?parent=1203"}],"curies":[{"name":"wp","href":"https:\/\/api.w.org\/{rel}","templated":true}]}}