{"id":1220,"date":"2022-02-28T17:10:53","date_gmt":"2022-02-28T16:10:53","guid":{"rendered":"https:\/\/arcis.org.es\/?page_id=1220"},"modified":"2022-03-07T16:23:10","modified_gmt":"2022-03-07T15:23:10","slug":"referencias-bibliograficas","status":"publish","type":"page","link":"https:\/\/arcis.org.es\/index.php\/referencias-bibliograficas\/","title":{"rendered":"Referencias bibliogr\u00e1ficas"},"content":{"rendered":"<p style=\"text-align: justify;\">El motivo de esta secci\u00f3n es <span style=\"text-decoration: underline;\">ayudar<\/span> a <strong>investigadores<\/strong>, <strong>divulgadores<\/strong> y <strong>cualquier persona interesada<\/strong> en ampliar sus conocimientos sobre la Pe\u00f1a del Castillo. Los trabajos que se est\u00e1n llevando a cabo en el yacimiento deben aportarnos un renovado y s\u00f3lido conocimiento de lo que fue la historia de Pe\u00f1as de San Pedro.<\/p>\n<p style=\"text-align: justify;\">A continuaci\u00f3n, iremos incluyendo todas las publicaciones referentes a la Pe\u00f1a del Castillo que han sido publicadas desde el comienzo de las intervenciones arqueol\u00f3gicas. Del mismo modo, incluiremos otros art\u00edculos cient\u00edficos que supongan un avance al saber del relato hist\u00f3rico de Pe\u00f1as y tambi\u00e9n se recogen otras contribuciones en las que los socios han participado dando a conocer la actividad sociocultural y divulgativa que se ejerce desde el marco de la asociaci\u00f3n. Pretendemos que tanto los interesados como los especialistas encuentren un peque\u00f1o repositorio de enlaces y referencias que les pueda ser de utilidad.<\/p>\n<p style=\"text-align: justify;\">ART\u00cdCULOS EN REVISTAS CIENT\u00cdFICAS<\/p>\n<ul style=\"text-align: justify;\">\n<li>[2021] Luc\u00eda Soria Combadiera y Jos\u00e9 \u00c1ngel Gonz\u00e1lez Ballesteros: \u201cLa Pe\u00f1a del Castillo (Pe\u00f1as de San Pedro, Albacete) Campa\u00f1a de 2020\u201d, en\u00a0<i>Al-Basit. Revista de Estudios Albacetenses<\/i>, n\u00ba66, pp. 445-461.<br \/>\n<a href=\"http:\/\/doi.org\/10.37927\/al-basit.66_11\">http:\/\/doi.org\/10.37927\/al-basit.66_11<\/a><\/li>\n<\/ul>\n<ul>\n<li>[2019] Jos\u00e9 \u00c1ngel Gonz\u00e1lez Ballesteros, Luc\u00eda Soria Combadiera y Diego Lucendo D\u00edaz: \u201cEl castillo de Pe\u00f1as de San Pedro (Albacete) en la Edad Media\u201d, en\u00a0<i>Arqueolog\u00eda y Territorio Medieval<\/i>, n\u00ba 26, pp. 213\u2013228.<br \/>\n<a href=\"https:\/\/revistaselectronicas.ujaen.es\/index.php\/ATM\/article\/view\/4660\">https:\/\/revistaselectronicas.ujaen.es\/index.php\/ATM\/article\/view\/4660<\/a><\/li>\n<\/ul>\n<ul style=\"text-align: justify;\">\n<li class=\"x_MsoNormal\">[2017] Pedro Jos\u00e9 Ja\u00e9n S\u00e1nchez: \u00abChinchilla y Pe\u00f1as de San Pedro. Fortificaci\u00f3n y defensa de sus castillos en la Guerra de la Independencia\u201d, en <i>Al-Basit. Revista de Estudios Albacetenses<\/i>, n\u00ba 62, pp. 59-96.<\/li>\n<\/ul>\n<p style=\"text-align: justify;\">DANDO A CONOCER ARCIS: COMUNICACIONES Y PONENCIAS EN CONGRESOS, SEMINARIOS, CURSOS MONOGR\u00c1FICOS&#8230;<\/p>\n<ul>\n<li class=\"x_MsoNormal\" style=\"text-align: justify;\">[2018] Luc\u00eda Soria Combadiera, Jos\u00e9 \u00c1ngel Gonz\u00e1lez Ballesteros y Alejandro Jaquero Esparcia: \u201cEl Proyecto \u2018Pe\u00f1a del Castillo\u2019 (PECT): la investigaci\u00f3n arqueol\u00f3gica como base para el desarrollo rural de Pe\u00f1as de San Pedro (Albacete)\u201d, en\u00a0<i>Legatum 2.0. II Congreso Internacional de Musealizaci\u00f3n y Puesta en Valor del Patrimonio Cultural<\/i>, celebrado en Daimiel del 16 al 19 de octubre de 2018.<\/li>\n<\/ul>\n<p style=\"text-align: justify;\">\n","protected":false},"excerpt":{"rendered":"<p>El motivo de esta secci\u00f3n es ayudar a investigadores, divulgadores y cualquier persona interesada en ampliar sus conocimientos sobre la Pe\u00f1a del Castillo. Los trabajos que se est\u00e1n llevando a cabo en el yacimiento deben aportarnos un renovado y s\u00f3lido conocimiento de lo que fue la historia de Pe\u00f1as de San Pedro. A continuaci\u00f3n, iremos incluyendo todas las publicaciones referentes a la Pe\u00f1a del Castillo que han sido publicadas desde el comienzo de las intervenciones arqueol\u00f3gicas. Del mismo modo, incluiremos otros art\u00edculos cient\u00edficos que supongan un avance al saber del relato hist\u00f3rico de Pe\u00f1as y tambi\u00e9n se recogen otras contribuciones [&hellip;]<\/p>\n","protected":false},"author":2,"featured_media":0,"parent":0,"menu_order":0,"comment_status":"closed","ping_status":"closed","template":"","meta":{"_eb_attr":"","footnotes":""},"_links":{"self":[{"href":"https:\/\/arcis.org.es\/index.php\/wp-json\/wp\/v2\/pages\/1220"}],"collection":[{"href":"https:\/\/arcis.org.es\/index.php\/wp-json\/wp\/v2\/pages"}],"about":[{"href":"https:\/\/arcis.org.es\/index.php\/wp-json\/wp\/v2\/types\/page"}],"author":[{"embeddable":true,"href":"https:\/\/arcis.org.es\/index.php\/wp-json\/wp\/v2\/users\/2"}],"replies":[{"embeddable":true,"href":"https:\/\/arcis.org.es\/index.php\/wp-json\/wp\/v2\/comments?post=1220"}],"version-history":[{"count":4,"href":"https:\/\/arcis.org.es\/index.php\/wp-json\/wp\/v2\/pages\/1220\/revisions"}],"predecessor-version":[{"id":1274,"href":"https:\/\/arcis.org.es\/index.php\/wp-json\/wp\/v2\/pages\/1220\/revisions\/1274"}],"wp:attachment":[{"href":"https:\/\/arcis.org.es\/index.php\/wp-json\/wp\/v2\/media?parent=1220"}],"curies":[{"name":"wp","href":"https:\/\/api.w.org\/{rel}","templated":true}]}}