{"id":144,"date":"2018-04-11T19:13:26","date_gmt":"2018-04-11T19:13:26","guid":{"rendered":"https:\/\/arciscastillopsp.wordpress.com\/?page_id=144"},"modified":"2022-02-28T17:16:41","modified_gmt":"2022-02-28T16:16:41","slug":"el-yacimiento","status":"publish","type":"page","link":"https:\/\/arcis.org.es\/index.php\/el-yacimiento\/","title":{"rendered":"El yacimiento"},"content":{"rendered":"<p style=\"margin-bottom: 15.0pt; text-align: justify; background: white;\"><span style=\"font-size: 13.0pt; font-family: 'Segoe UI',sans-serif; color: #111111;\">El yacimiento de la Pe\u00f1a del Castillo o castillo de Pe\u00f1as de San Pedro (como se conoc\u00eda en la Baja Edad Media), supone uno de los principales referentes del paisaje de la provincia de Albacete en la zona de transici\u00f3n entre la llanura manchega y la sierra albacetense.<\/span><\/p>\n<p style=\"margin-bottom: 15.0pt; text-align: justify; background: white; box-sizing: border-box; overflow-wrap: break-word; font-variant-ligatures: normal; font-variant-caps: normal; orphans: 2; widows: 2; -webkit-text-stroke-width: 0px; text-decoration-thickness: initial; text-decoration-style: initial; text-decoration-color: initial; word-spacing: 0px;\"><span style=\"font-size: 13.0pt; font-family: 'Segoe UI',sans-serif; color: #111111;\">Sobre la superficie de esta imponente muela rocosa se han establecido, a lo largo del tiempo, diversas culturas por su gran singularidad como referente estrat\u00e9gico en el territorio circundante. Las primeras evidencias arqueol\u00f3gicas se remontan a la etapa del Bronce Final, en los primeros siglos del primer milenio ANE, con una amplia continuidad de su poblamiento hasta periodos m\u00e1s recientes. La \u00faltima gran etapa de este asentamiento se vincula al acuartelamiento militar de las primeras d\u00e9cadas del siglo XIX, debido a la Guerra de Independencia.<\/span><\/p>\n<p style=\"margin-bottom: 15.0pt; text-align: justify; background: white; box-sizing: border-box; overflow-wrap: break-word; font-variant-ligatures: normal; font-variant-caps: normal; orphans: 2; widows: 2; -webkit-text-stroke-width: 0px; text-decoration-thickness: initial; text-decoration-style: initial; text-decoration-color: initial; word-spacing: 0px;\"><span style=\"font-size: 13.0pt; font-family: 'Segoe UI',sans-serif; color: #111111;\">Como puede verse, el emplazamiento ha mantenido una importante utilidad a lo largo de los distintos procesos hist\u00f3ricos desarrollados en la pen\u00ednsula ib\u00e9rica. Su privilegiado emplazamiento geogr\u00e1fico posibilit\u00f3 su aprovechamiento por parte de las distintas culturas que lo habitaron y enriquecieron con su legado monumental y art\u00edstico. Los ecos de su grandeza como basti\u00f3n inexpugnable se prorrogaron hasta bien entrado el siglo XIX, donde cronistas o literatos como Benito P\u00e9rez Gald\u00f3s hicieron referencia a la Pe\u00f1a y a las gentes de la villa.<\/span><\/p>\n<p style=\"margin-bottom: 15.0pt; text-align: justify; background: white; box-sizing: border-box; overflow-wrap: break-word; font-variant-ligatures: normal; font-variant-caps: normal; orphans: 2; widows: 2; -webkit-text-stroke-width: 0px; text-decoration-thickness: initial; text-decoration-style: initial; text-decoration-color: initial; word-spacing: 0px;\"><span style=\"font-size: 13.0pt; font-family: 'Segoe UI',sans-serif; color: #111111;\">Est\u00e1 declarado Bien de Inter\u00e9s Cultural (BIC), m\u00e1ximo grado de protecci\u00f3n que otorga la legislaci\u00f3n espa\u00f1ola por el Decreto de 22 de abril de 1949 y recogido en la Disposici\u00f3n Adicional segunda de la Ley 16\/1985 de Patrimonio Hist\u00f3rico Espa\u00f1ol.<\/span><\/p>\n","protected":false},"excerpt":{"rendered":"<p>El yacimiento de la Pe\u00f1a del Castillo o castillo de Pe\u00f1as de San Pedro (como se conoc\u00eda en la Baja Edad Media), supone uno de los principales referentes del paisaje de la provincia de Albacete en la zona de transici\u00f3n entre la llanura manchega y la sierra albacetense. Sobre la superficie de esta imponente muela rocosa se han establecido, a lo largo del tiempo, diversas culturas por su gran singularidad como referente estrat\u00e9gico en el territorio circundante. Las primeras evidencias arqueol\u00f3gicas se remontan a la etapa del Bronce Final, en los primeros siglos del primer milenio ANE, con una amplia [&hellip;]<\/p>\n","protected":false},"author":1,"featured_media":125,"parent":0,"menu_order":0,"comment_status":"closed","ping_status":"closed","template":"","meta":{"_eb_attr":"","footnotes":""},"_links":{"self":[{"href":"https:\/\/arcis.org.es\/index.php\/wp-json\/wp\/v2\/pages\/144"}],"collection":[{"href":"https:\/\/arcis.org.es\/index.php\/wp-json\/wp\/v2\/pages"}],"about":[{"href":"https:\/\/arcis.org.es\/index.php\/wp-json\/wp\/v2\/types\/page"}],"author":[{"embeddable":true,"href":"https:\/\/arcis.org.es\/index.php\/wp-json\/wp\/v2\/users\/1"}],"replies":[{"embeddable":true,"href":"https:\/\/arcis.org.es\/index.php\/wp-json\/wp\/v2\/comments?post=144"}],"version-history":[{"count":1,"href":"https:\/\/arcis.org.es\/index.php\/wp-json\/wp\/v2\/pages\/144\/revisions"}],"predecessor-version":[{"id":1227,"href":"https:\/\/arcis.org.es\/index.php\/wp-json\/wp\/v2\/pages\/144\/revisions\/1227"}],"wp:featuredmedia":[{"embeddable":true,"href":"https:\/\/arcis.org.es\/index.php\/wp-json\/wp\/v2\/media\/125"}],"wp:attachment":[{"href":"https:\/\/arcis.org.es\/index.php\/wp-json\/wp\/v2\/media?parent=144"}],"curies":[{"name":"wp","href":"https:\/\/api.w.org\/{rel}","templated":true}]}}