{"id":1525,"date":"2024-03-28T20:19:30","date_gmt":"2024-03-28T19:19:30","guid":{"rendered":"https:\/\/arcis.org.es\/?page_id=1525"},"modified":"2024-03-28T20:20:29","modified_gmt":"2024-03-28T19:20:29","slug":"11-de-abril-de-1833","status":"publish","type":"page","link":"https:\/\/arcis.org.es\/index.php\/11-de-abril-de-1833\/","title":{"rendered":"19 de abril de 1833"},"content":{"rendered":"\n<figure class=\"wp-block-image size-full\"><img fetchpriority=\"high\" decoding=\"async\" width=\"1000\" height=\"1000\" src=\"https:\/\/arcis.org.es\/wp-content\/uploads\/2024\/03\/19Abr1833.png\" alt=\"\" class=\"wp-image-1527\" srcset=\"https:\/\/arcis.org.es\/wp-content\/uploads\/2024\/03\/19Abr1833.png 1000w, https:\/\/arcis.org.es\/wp-content\/uploads\/2024\/03\/19Abr1833-300x300.png 300w, https:\/\/arcis.org.es\/wp-content\/uploads\/2024\/03\/19Abr1833-150x150.png 150w, https:\/\/arcis.org.es\/wp-content\/uploads\/2024\/03\/19Abr1833-768x768.png 768w\" sizes=\"(max-width: 1000px) 100vw, 1000px\" \/><\/figure>\n\n\n\n<p><strong>Transcripci\u00f3n:<\/strong><br>ESPA\u00d1A.<br>Madrid 25 de marzo.<br>El Rey nuestro Se\u00f1or, por Reales decretos dirigidos con fecha 23 de este mes al Presidente del Consejo y C\u00e1mara de Castilla, se ha servido nombrar para el corregimiento de letras de la ciudad de Leon \u00e1 D. Ambrosio de Eguia, alcalde mayor de Illescas; para la alcald\u00eda mayor de Pe\u00f1as de san Pedro \u00e1 D. Luis Antonio Meoro; para la de Combados \u00e1 D. Manuel\u2026<\/p>\n\n\n\n<p><strong>Comentario:<\/strong><br>El alcalde mayor fue un cargo de la Administraci\u00f3n de Justicia durante el Antiguo R\u00e9gimen en Espa\u00f1a. Las atribuciones de los alcaldes mayores como magistrados eran administrar justicia en lo civil y en lo criminal, generalmente como primera instancia. Los alcaldes mayores dejaron de existir en 1834, cuando se establecieron los jueces de primera instancia, a quienes se otorg\u00f3 las mismas facultades judiciales que ten\u00edan los alcaldes mayores; al mismo tiempo, las facultades gubernativas y econ\u00f3micas se distribuyeron entre diversas autoridades administrativas (<em>Escosura, Patricio de la (1853). Diccionario universal del derecho espa\u00f1ol: Aduanas de ultramar IV. Madrid: Imprenta del Diccionario Universal del Derecho Espa\u00f1ol.pp 747-777<\/em>)<br>Luis Antonio Montoro era abogado, natural de Gran\u00e1tula de Calatrava, y antes de ser alcalde mayor de Pe\u00f1as de San Pedro lo hab\u00eda sido de Fortuna (Murcia). Posteriormente fue gobernador civil de Albacete y otras provincias (<em>Montes Bern\u00e1rdez, Ricardo. Destrucci\u00f3n Destrucci\u00f3n del patrimonio arquitect\u00f3nico de la ciudad de Murcia. 1712-2012. Editorial Azarbe. Murcia 2020, ISBN: 978-84-122395-4-6<\/em>)<\/p>\n","protected":false},"excerpt":{"rendered":"<p>Transcripci\u00f3n:ESPA\u00d1A.Madrid 25 de marzo.El Rey nuestro Se\u00f1or, por Reales decretos dirigidos con fecha 23 de este mes al Presidente del Consejo y C\u00e1mara de Castilla, se ha servido nombrar para el corregimiento de letras de la ciudad de Leon \u00e1 D. Ambrosio de Eguia, alcalde mayor de Illescas; para la alcald\u00eda mayor de Pe\u00f1as de san Pedro \u00e1 D. Luis Antonio Meoro; para la de Combados \u00e1 D. Manuel\u2026 Comentario:El alcalde mayor fue un cargo de la Administraci\u00f3n de Justicia durante el Antiguo R\u00e9gimen en Espa\u00f1a. Las atribuciones de los alcaldes mayores como magistrados eran administrar justicia en lo civil [&hellip;]<\/p>\n","protected":false},"author":1,"featured_media":0,"parent":0,"menu_order":0,"comment_status":"closed","ping_status":"closed","template":"","meta":{"_eb_attr":"","footnotes":""},"_links":{"self":[{"href":"https:\/\/arcis.org.es\/index.php\/wp-json\/wp\/v2\/pages\/1525"}],"collection":[{"href":"https:\/\/arcis.org.es\/index.php\/wp-json\/wp\/v2\/pages"}],"about":[{"href":"https:\/\/arcis.org.es\/index.php\/wp-json\/wp\/v2\/types\/page"}],"author":[{"embeddable":true,"href":"https:\/\/arcis.org.es\/index.php\/wp-json\/wp\/v2\/users\/1"}],"replies":[{"embeddable":true,"href":"https:\/\/arcis.org.es\/index.php\/wp-json\/wp\/v2\/comments?post=1525"}],"version-history":[{"count":3,"href":"https:\/\/arcis.org.es\/index.php\/wp-json\/wp\/v2\/pages\/1525\/revisions"}],"predecessor-version":[{"id":1529,"href":"https:\/\/arcis.org.es\/index.php\/wp-json\/wp\/v2\/pages\/1525\/revisions\/1529"}],"wp:attachment":[{"href":"https:\/\/arcis.org.es\/index.php\/wp-json\/wp\/v2\/media?parent=1525"}],"curies":[{"name":"wp","href":"https:\/\/api.w.org\/{rel}","templated":true}]}}